{"id":48857,"date":"2026-03-18T10:19:31","date_gmt":"2026-03-18T14:19:31","guid":{"rendered":"https:\/\/perce.info\/?page_id=48857"},"modified":"2026-03-18T10:19:31","modified_gmt":"2026-03-18T14:19:31","slug":"billets-de-blogue","status":"publish","type":"page","link":"https:\/\/perce.info\/en\/billets-de-blogue\/","title":{"rendered":"Billets de blogue"},"content":{"rendered":"<div class=\"wpb-content-wrapper\"><p>[vc_row][vc_column]\n<div class=\"listings-billets-container\">\n\t    \n\t    <div class=\"billets\">\n\n\t        \n\t            <article class=\"billet-item\">\n\n\t\t           \t\t\t           \t\t<a href='https:\/\/www.tourisme-gaspesie.com\/en\/blog\/5-highlights-for-an-unforgettable-winter-getaway-in-perce\/' target='_blank'>\n\t\t\t\t\t\n\t\t\t\t\t<div class=\"billet-item-content\">\n\t\t\t\t\t    <div class=\"image\">\n\t\t\t\t\t        <img loading=\"lazy\" decoding=\"async\" width=\"2965\" height=\"2965\" src=\"https:\/\/perce-info.s3.bhs.io.cloud.ovh.net\/2026\/03\/Photo-1.webp\" class=\"attachment-full size-full wp-post-image\" alt=\"\" srcset=\"https:\/\/perce-info.s3.bhs.io.cloud.ovh.net\/2026\/03\/Photo-1.webp 2965w, https:\/\/perce-info.s3.bhs.io.cloud.ovh.net\/2026\/03\/Photo-1-300x300.webp 300w, https:\/\/perce-info.s3.bhs.io.cloud.ovh.net\/2026\/03\/Photo-1-1024x1024.webp 1024w, https:\/\/perce-info.s3.bhs.io.cloud.ovh.net\/2026\/03\/Photo-1-150x150.webp 150w, https:\/\/perce-info.s3.bhs.io.cloud.ovh.net\/2026\/03\/Photo-1-768x768.webp 768w, https:\/\/perce-info.s3.bhs.io.cloud.ovh.net\/2026\/03\/Photo-1-500x500.webp 500w, https:\/\/perce-info.s3.bhs.io.cloud.ovh.net\/2026\/03\/Photo-1-1536x1536.webp 1536w, https:\/\/perce-info.s3.bhs.io.cloud.ovh.net\/2026\/03\/Photo-1-550x550.webp 550w, https:\/\/perce-info.s3.bhs.io.cloud.ovh.net\/2026\/03\/Photo-1-1100x1100.webp 1100w\" sizes=\"auto, (max-width: 2965px) 100vw, 2965px\" \/>\t\t\t\t\t    <\/div>\n\n\t\t\t\t\t    <div class=\"text-group\">\n\n\t\t\t\t\t\t    <h3 class=\"billet-title\">\n\t\t\t\t\t\t        5 highlights for an unforgettable winter getaway in Perc\u00e9\t\t\t\t\t\t    <\/h3>\n\n\t\t\t\t\t\t    <div class=\"billet-description\">\n\t\t\t\t\t\t        <p>This blog post highlights five memorable experiences during a winter stay in Perc\u00e9: admiring the snow-covered Perc\u00e9 Rock, hiking in the Perc\u00e9 Geopark, enjoying outdoor seaside activities (snowshoeing, fatbiking, skiing), relaxing at a spa, and discovering local products as well as regional artisans.<br \/>\nSource : Tourism Gasp\u00e9sie<\/p>\n\t\t\t\t\t\t    <\/div>\n\n\t\t\t\t\t\t<\/div>\n\t\t\t\t\t<\/div>\n\n\t\t\t\t    \t\t           \t\t<\/a>\n\t\t\t\t\t\n\t\t\t\t<\/article>\n\n\t\t\t\n\t            <article class=\"billet-item\">\n\n\t\t           \t\t\t           \t\t<a href='https:\/\/www.tourisme-gaspesie.com\/en\/blog\/what-else-can-you-see-in-perce-besides-the-famous-rock\/' target='_blank'>\n\t\t\t\t\t\n\t\t\t\t\t<div class=\"billet-item-content\">\n\t\t\t\t\t    <div class=\"image\">\n\t\t\t\t\t        <img loading=\"lazy\" decoding=\"async\" width=\"2449\" height=\"2449\" src=\"https:\/\/perce-info.s3.bhs.io.cloud.ovh.net\/2026\/03\/photographe_20210813_0005.webp\" class=\"attachment-full size-full wp-post-image\" alt=\"\" srcset=\"https:\/\/perce-info.s3.bhs.io.cloud.ovh.net\/2026\/03\/photographe_20210813_0005.webp 2449w, https:\/\/perce-info.s3.bhs.io.cloud.ovh.net\/2026\/03\/photographe_20210813_0005-300x300.webp 300w, https:\/\/perce-info.s3.bhs.io.cloud.ovh.net\/2026\/03\/photographe_20210813_0005-1024x1024.webp 1024w, https:\/\/perce-info.s3.bhs.io.cloud.ovh.net\/2026\/03\/photographe_20210813_0005-150x150.webp 150w, https:\/\/perce-info.s3.bhs.io.cloud.ovh.net\/2026\/03\/photographe_20210813_0005-768x768.webp 768w, https:\/\/perce-info.s3.bhs.io.cloud.ovh.net\/2026\/03\/photographe_20210813_0005-500x500.webp 500w, https:\/\/perce-info.s3.bhs.io.cloud.ovh.net\/2026\/03\/photographe_20210813_0005-1536x1536.webp 1536w, https:\/\/perce-info.s3.bhs.io.cloud.ovh.net\/2026\/03\/photographe_20210813_0005-550x550.webp 550w, https:\/\/perce-info.s3.bhs.io.cloud.ovh.net\/2026\/03\/photographe_20210813_0005-1100x1100.webp 1100w\" sizes=\"auto, (max-width: 2449px) 100vw, 2449px\" \/>\t\t\t\t\t    <\/div>\n\n\t\t\t\t\t    <div class=\"text-group\">\n\n\t\t\t\t\t\t    <h3 class=\"billet-title\">\n\t\t\t\t\t\t        What Else Can You See in Perc\u00e9 Besides the Famous Rock?\t\t\t\t\t\t    <\/h3>\n\n\t\t\t\t\t\t    <div class=\"billet-description\">\n\t\t\t\t\t\t        <p>The article highlights several attractions in Perc\u00e9 beyond Perc\u00e9 Rock: exploring the Perc\u00e9 Geopark and its glass platform, visiting Bonaventure Island and Perc\u00e9 Rock National Park, discovering the Emerald River and nearby beaches, exploring historical and cultural sites, meeting local artisans, and enjoying adventure activities.<br \/>\nSource : Tourism Gasp\u00e9sie<\/p>\n\t\t\t\t\t\t    <\/div>\n\n\t\t\t\t\t\t<\/div>\n\t\t\t\t\t<\/div>\n\n\t\t\t\t    \t\t           \t\t<\/a>\n\t\t\t\t\t\n\t\t\t\t<\/article>\n\n\t\t\t\n\t            <article class=\"billet-item\">\n\n\t\t           \t\t\t           \t\t<a href='https:\/\/www.tourisme-gaspesie.com\/en\/blog\/7-ways-to-fall-in-love-with-perce-this-autumn\/' target='_blank'>\n\t\t\t\t\t\n\t\t\t\t\t<div class=\"billet-item-content\">\n\t\t\t\t\t    <div class=\"image\">\n\t\t\t\t\t        <img loading=\"lazy\" decoding=\"async\" width=\"3600\" height=\"3600\" src=\"https:\/\/perce-info.s3.bhs.io.cloud.ovh.net\/2026\/03\/Roger-St-Laurent-2_-\u00a9-Roger-St-Laurent-_-Tourisme-Gaspesie.webp\" class=\"attachment-full size-full wp-post-image\" alt=\"\" srcset=\"https:\/\/perce-info.s3.bhs.io.cloud.ovh.net\/2026\/03\/Roger-St-Laurent-2_-\u00a9-Roger-St-Laurent-_-Tourisme-Gaspesie.webp 3600w, https:\/\/perce-info.s3.bhs.io.cloud.ovh.net\/2026\/03\/Roger-St-Laurent-2_-\u00a9-Roger-St-Laurent-_-Tourisme-Gaspesie-300x300.webp 300w, https:\/\/perce-info.s3.bhs.io.cloud.ovh.net\/2026\/03\/Roger-St-Laurent-2_-\u00a9-Roger-St-Laurent-_-Tourisme-Gaspesie-1024x1024.webp 1024w, https:\/\/perce-info.s3.bhs.io.cloud.ovh.net\/2026\/03\/Roger-St-Laurent-2_-\u00a9-Roger-St-Laurent-_-Tourisme-Gaspesie-150x150.webp 150w, https:\/\/perce-info.s3.bhs.io.cloud.ovh.net\/2026\/03\/Roger-St-Laurent-2_-\u00a9-Roger-St-Laurent-_-Tourisme-Gaspesie-768x768.webp 768w, https:\/\/perce-info.s3.bhs.io.cloud.ovh.net\/2026\/03\/Roger-St-Laurent-2_-\u00a9-Roger-St-Laurent-_-Tourisme-Gaspesie-500x500.webp 500w, https:\/\/perce-info.s3.bhs.io.cloud.ovh.net\/2026\/03\/Roger-St-Laurent-2_-\u00a9-Roger-St-Laurent-_-Tourisme-Gaspesie-1536x1536.webp 1536w, https:\/\/perce-info.s3.bhs.io.cloud.ovh.net\/2026\/03\/Roger-St-Laurent-2_-\u00a9-Roger-St-Laurent-_-Tourisme-Gaspesie-550x550.webp 550w, https:\/\/perce-info.s3.bhs.io.cloud.ovh.net\/2026\/03\/Roger-St-Laurent-2_-\u00a9-Roger-St-Laurent-_-Tourisme-Gaspesie-1100x1100.webp 1100w\" sizes=\"auto, (max-width: 3600px) 100vw, 3600px\" \/>\t\t\t\t\t    <\/div>\n\n\t\t\t\t\t    <div class=\"text-group\">\n\n\t\t\t\t\t\t    <h3 class=\"billet-title\">\n\t\t\t\t\t\t        7 Ways to Fall in Love with Perc\u00e9 This Autumn\t\t\t\t\t\t    <\/h3>\n\n\t\t\t\t\t\t    <div class=\"billet-description\">\n\t\t\t\t\t\t        <p>The blog post suggests seven ways to enjoy Perc\u00e9 in the fall: admiring Perc\u00e9 Rock, hiking on Bonaventure Island, exploring the Perc\u00e9 Geopark, observing marine mammals, tasting local products, discovering the culture, and exploring the landscapes of the Greater Perc\u00e9 area.<br \/>\nSource : Tourism Gasp\u00e9sie<\/p>\n\t\t\t\t\t\t    <\/div>\n\n\t\t\t\t\t\t<\/div>\n\t\t\t\t\t<\/div>\n\n\t\t\t\t    \t\t           \t\t<\/a>\n\t\t\t\t\t\n\t\t\t\t<\/article>\n\n\t\t\t\n\t            <article class=\"billet-item\">\n\n\t\t           \t\t\t           \t\t<a href='https:\/\/www.quebecmaritime.ca\/en\/blog\/photo-safari-in-perce-5-photo-ops-you-won-t-want-to-miss' target='_blank'>\n\t\t\t\t\t\n\t\t\t\t\t<div class=\"billet-item-content\">\n\t\t\t\t\t    <div class=\"image\">\n\t\t\t\t\t        <img loading=\"lazy\" decoding=\"async\" width=\"2000\" height=\"2000\" src=\"https:\/\/perce-info.s3.bhs.io.cloud.ovh.net\/2026\/03\/Baleine.webp\" class=\"attachment-full size-full wp-post-image\" alt=\"\" srcset=\"https:\/\/perce-info.s3.bhs.io.cloud.ovh.net\/2026\/03\/Baleine.webp 2000w, https:\/\/perce-info.s3.bhs.io.cloud.ovh.net\/2026\/03\/Baleine-300x300.webp 300w, https:\/\/perce-info.s3.bhs.io.cloud.ovh.net\/2026\/03\/Baleine-1024x1024.webp 1024w, https:\/\/perce-info.s3.bhs.io.cloud.ovh.net\/2026\/03\/Baleine-150x150.webp 150w, https:\/\/perce-info.s3.bhs.io.cloud.ovh.net\/2026\/03\/Baleine-768x768.webp 768w, https:\/\/perce-info.s3.bhs.io.cloud.ovh.net\/2026\/03\/Baleine-500x500.webp 500w, https:\/\/perce-info.s3.bhs.io.cloud.ovh.net\/2026\/03\/Baleine-1536x1536.webp 1536w, https:\/\/perce-info.s3.bhs.io.cloud.ovh.net\/2026\/03\/Baleine-550x550.webp 550w, https:\/\/perce-info.s3.bhs.io.cloud.ovh.net\/2026\/03\/Baleine-1100x1100.webp 1100w\" sizes=\"auto, (max-width: 2000px) 100vw, 2000px\" \/>\t\t\t\t\t    <\/div>\n\n\t\t\t\t\t    <div class=\"text-group\">\n\n\t\t\t\t\t\t    <h3 class=\"billet-title\">\n\t\t\t\t\t\t        Photo Safari in Perc\u00e9 : 5 Photos You Won\u2019t Want to Miss!\t\t\t\t\t\t    <\/h3>\n\n\t\t\t\t\t\t    <div class=\"billet-description\">\n\t\t\t\t\t\t        <p>This blog article suggests five photos to capture in Perc\u00e9: the northern gannet colony, Perc\u00e9 Rock, the Geopark\u2019s panoramic views, whales during a sea excursion, and the historic general store in Anse-\u00e0-Beaufils.<br \/>\nSource : Le Qu\u00e9bec maritime<\/p>\n\t\t\t\t\t\t    <\/div>\n\n\t\t\t\t\t\t<\/div>\n\t\t\t\t\t<\/div>\n\n\t\t\t\t    \t\t           \t\t<\/a>\n\t\t\t\t\t\n\t\t\t\t<\/article>\n\n\t\t\t\n\t            <article class=\"billet-item\">\n\n\t\t           \t\t\t           \t\t<a href='https:\/\/www.quebecmaritime.ca\/en\/blog\/5-surprising-facts-about-perce' target='_blank'>\n\t\t\t\t\t\n\t\t\t\t\t<div class=\"billet-item-content\">\n\t\t\t\t\t    <div class=\"image\">\n\t\t\t\t\t        <img loading=\"lazy\" decoding=\"async\" width=\"4672\" height=\"4672\" src=\"https:\/\/perce-info.s3.bhs.io.cloud.ovh.net\/2026\/03\/DSC00836.webp\" class=\"attachment-full size-full wp-post-image\" alt=\"\" srcset=\"https:\/\/perce-info.s3.bhs.io.cloud.ovh.net\/2026\/03\/DSC00836.webp 4672w, https:\/\/perce-info.s3.bhs.io.cloud.ovh.net\/2026\/03\/DSC00836-300x300.webp 300w, https:\/\/perce-info.s3.bhs.io.cloud.ovh.net\/2026\/03\/DSC00836-1024x1024.webp 1024w, https:\/\/perce-info.s3.bhs.io.cloud.ovh.net\/2026\/03\/DSC00836-150x150.webp 150w, https:\/\/perce-info.s3.bhs.io.cloud.ovh.net\/2026\/03\/DSC00836-768x768.webp 768w, https:\/\/perce-info.s3.bhs.io.cloud.ovh.net\/2026\/03\/DSC00836-500x500.webp 500w, https:\/\/perce-info.s3.bhs.io.cloud.ovh.net\/2026\/03\/DSC00836-1536x1536.webp 1536w, https:\/\/perce-info.s3.bhs.io.cloud.ovh.net\/2026\/03\/DSC00836-550x550.webp 550w, https:\/\/perce-info.s3.bhs.io.cloud.ovh.net\/2026\/03\/DSC00836-1100x1100.webp 1100w\" sizes=\"auto, (max-width: 4672px) 100vw, 4672px\" \/>\t\t\t\t\t    <\/div>\n\n\t\t\t\t\t    <div class=\"text-group\">\n\n\t\t\t\t\t\t    <h3 class=\"billet-title\">\n\t\t\t\t\t\t        5 Surprising Facts about Perc\u00e9\t\t\t\t\t\t    <\/h3>\n\n\t\t\t\t\t\t    <div class=\"billet-description\">\n\t\t\t\t\t\t        <p>This blog article presents five surprising facts about Perc\u00e9: a very impressive colony of northern gannets on Bonaventure Island, the heritage of cod fishing, the evolution of Perc\u00e9 Rock, whale watching, and the presence of many local artists.<br \/>\nSource : Le Qu\u00e9bec maritime<\/p>\n\t\t\t\t\t\t    <\/div>\n\n\t\t\t\t\t\t<\/div>\n\t\t\t\t\t<\/div>\n\n\t\t\t\t    \t\t           \t\t<\/a>\n\t\t\t\t\t\n\t\t\t\t<\/article>\n\n\t\t\t\n\t    <\/div>\n\n\t    <div class=\"billets-pagination\">\n\t        \t    <\/div>\n\n\t    \n\t<\/div>[\/vc_column][\/vc_row]<\/p>\n<\/div>","protected":false},"excerpt":{"rendered":"<p>[vc_row][vc_column][\/vc_column][\/vc_row]<\/p>\n","protected":false},"author":1,"featured_media":0,"parent":0,"menu_order":0,"comment_status":"closed","ping_status":"closed","template":"","meta":{"_acf_changed":false,"inline_featured_image":false,"footnotes":""},"class_list":["post-48857","page","type-page","status-publish","hentry"],"acf":[],"yoast_head":"<!-- This site is optimized with the Yoast SEO plugin v26.9 - https:\/\/yoast.com\/product\/yoast-seo-wordpress\/ -->\n<title>Billets de blogue - Perc\u00e9 destination vacances<\/title>\n<meta name=\"robots\" content=\"index, follow, max-snippet:-1, max-image-preview:large, max-video-preview:-1\" \/>\n<link rel=\"canonical\" href=\"https:\/\/perce.info\/en\/billets-de-blogue\/\" \/>\n<meta property=\"og:locale\" content=\"en_US\" \/>\n<meta property=\"og:type\" content=\"article\" \/>\n<meta property=\"og:title\" content=\"Billets de blogue - Perc\u00e9 destination vacances\" \/>\n<meta property=\"og:description\" content=\"[vc_row][vc_column][\/vc_column][\/vc_row]\" \/>\n<meta property=\"og:url\" content=\"https:\/\/perce.info\/en\/billets-de-blogue\/\" \/>\n<meta property=\"og:site_name\" content=\"Perc\u00e9 destination vacances\" \/>\n<meta name=\"twitter:card\" content=\"summary_large_image\" \/>\n<script type=\"application\/ld+json\" class=\"yoast-schema-graph\">{\"@context\":\"https:\/\/schema.org\",\"@graph\":[{\"@type\":\"WebPage\",\"@id\":\"https:\/\/perce.info\/en\/billets-de-blogue\/\",\"url\":\"https:\/\/perce.info\/en\/billets-de-blogue\/\",\"name\":\"Billets de blogue - Perc\u00e9 destination vacances\",\"isPartOf\":{\"@id\":\"https:\/\/perce.info\/#website\"},\"datePublished\":\"2026-03-18T14:19:31+00:00\",\"breadcrumb\":{\"@id\":\"https:\/\/perce.info\/en\/billets-de-blogue\/#breadcrumb\"},\"inLanguage\":\"en-US\",\"potentialAction\":[{\"@type\":\"ReadAction\",\"target\":[\"https:\/\/perce.info\/en\/billets-de-blogue\/\"]}]},{\"@type\":\"BreadcrumbList\",\"@id\":\"https:\/\/perce.info\/en\/billets-de-blogue\/#breadcrumb\",\"itemListElement\":[{\"@type\":\"ListItem\",\"position\":1,\"name\":\"Accueil\",\"item\":\"https:\/\/perce.info\/en\/\"},{\"@type\":\"ListItem\",\"position\":2,\"name\":\"Billets de blogue\"}]},{\"@type\":\"WebSite\",\"@id\":\"https:\/\/perce.info\/#website\",\"url\":\"https:\/\/perce.info\/\",\"name\":\"Perc\u00e9 destination vacances\",\"description\":\"Site touristique officiel de la Ville de Perc\u00e9\",\"publisher\":{\"@id\":\"https:\/\/perce.info\/#organization\"},\"potentialAction\":[{\"@type\":\"SearchAction\",\"target\":{\"@type\":\"EntryPoint\",\"urlTemplate\":\"https:\/\/perce.info\/?s={search_term_string}\"},\"query-input\":{\"@type\":\"PropertyValueSpecification\",\"valueRequired\":true,\"valueName\":\"search_term_string\"}}],\"inLanguage\":\"en-US\"},{\"@type\":\"Organization\",\"@id\":\"https:\/\/perce.info\/#organization\",\"name\":\"Perc\u00e9 destination vacances\",\"url\":\"https:\/\/perce.info\/\",\"logo\":{\"@type\":\"ImageObject\",\"inLanguage\":\"en-US\",\"@id\":\"https:\/\/perce.info\/#\/schema\/logo\/image\/\",\"url\":\"https:\/\/perce.info\/wp-content\/uploads\/2016\/04\/Perce-logo.png\",\"contentUrl\":\"https:\/\/perce.info\/wp-content\/uploads\/2016\/04\/Perce-logo.png\",\"width\":162,\"height\":59,\"caption\":\"Perc\u00e9 destination vacances\"},\"image\":{\"@id\":\"https:\/\/perce.info\/#\/schema\/logo\/image\/\"}}]}<\/script>\n<!-- \/ Yoast SEO plugin. -->","yoast_head_json":{"title":"Billets de blogue - Perc\u00e9 destination vacances","robots":{"index":"index","follow":"follow","max-snippet":"max-snippet:-1","max-image-preview":"max-image-preview:large","max-video-preview":"max-video-preview:-1"},"canonical":"https:\/\/perce.info\/en\/billets-de-blogue\/","og_locale":"en_US","og_type":"article","og_title":"Billets de blogue - Perc\u00e9 destination vacances","og_description":"[vc_row][vc_column][\/vc_column][\/vc_row]","og_url":"https:\/\/perce.info\/en\/billets-de-blogue\/","og_site_name":"Perc\u00e9 destination vacances","twitter_card":"summary_large_image","schema":{"@context":"https:\/\/schema.org","@graph":[{"@type":"WebPage","@id":"https:\/\/perce.info\/en\/billets-de-blogue\/","url":"https:\/\/perce.info\/en\/billets-de-blogue\/","name":"Billets de blogue - Perc\u00e9 destination vacances","isPartOf":{"@id":"https:\/\/perce.info\/#website"},"datePublished":"2026-03-18T14:19:31+00:00","breadcrumb":{"@id":"https:\/\/perce.info\/en\/billets-de-blogue\/#breadcrumb"},"inLanguage":"en-US","potentialAction":[{"@type":"ReadAction","target":["https:\/\/perce.info\/en\/billets-de-blogue\/"]}]},{"@type":"BreadcrumbList","@id":"https:\/\/perce.info\/en\/billets-de-blogue\/#breadcrumb","itemListElement":[{"@type":"ListItem","position":1,"name":"Accueil","item":"https:\/\/perce.info\/en\/"},{"@type":"ListItem","position":2,"name":"Billets de blogue"}]},{"@type":"WebSite","@id":"https:\/\/perce.info\/#website","url":"https:\/\/perce.info\/","name":"Perc\u00e9 destination vacances","description":"Site touristique officiel de la Ville de Perc\u00e9","publisher":{"@id":"https:\/\/perce.info\/#organization"},"potentialAction":[{"@type":"SearchAction","target":{"@type":"EntryPoint","urlTemplate":"https:\/\/perce.info\/?s={search_term_string}"},"query-input":{"@type":"PropertyValueSpecification","valueRequired":true,"valueName":"search_term_string"}}],"inLanguage":"en-US"},{"@type":"Organization","@id":"https:\/\/perce.info\/#organization","name":"Perc\u00e9 destination vacances","url":"https:\/\/perce.info\/","logo":{"@type":"ImageObject","inLanguage":"en-US","@id":"https:\/\/perce.info\/#\/schema\/logo\/image\/","url":"https:\/\/perce.info\/wp-content\/uploads\/2016\/04\/Perce-logo.png","contentUrl":"https:\/\/perce.info\/wp-content\/uploads\/2016\/04\/Perce-logo.png","width":162,"height":59,"caption":"Perc\u00e9 destination vacances"},"image":{"@id":"https:\/\/perce.info\/#\/schema\/logo\/image\/"}}]}},"_links":{"self":[{"href":"https:\/\/perce.info\/en\/wp-json\/wp\/v2\/pages\/48857","targetHints":{"allow":["GET"]}}],"collection":[{"href":"https:\/\/perce.info\/en\/wp-json\/wp\/v2\/pages"}],"about":[{"href":"https:\/\/perce.info\/en\/wp-json\/wp\/v2\/types\/page"}],"author":[{"embeddable":true,"href":"https:\/\/perce.info\/en\/wp-json\/wp\/v2\/users\/1"}],"replies":[{"embeddable":true,"href":"https:\/\/perce.info\/en\/wp-json\/wp\/v2\/comments?post=48857"}],"version-history":[{"count":1,"href":"https:\/\/perce.info\/en\/wp-json\/wp\/v2\/pages\/48857\/revisions"}],"predecessor-version":[{"id":48859,"href":"https:\/\/perce.info\/en\/wp-json\/wp\/v2\/pages\/48857\/revisions\/48859"}],"wp:attachment":[{"href":"https:\/\/perce.info\/en\/wp-json\/wp\/v2\/media?parent=48857"}],"curies":[{"name":"wp","href":"https:\/\/api.w.org\/{rel}","templated":true}]}}