{"id":6767,"date":"2019-05-13T19:19:55","date_gmt":"2019-05-13T17:19:55","guid":{"rendered":"https:\/\/perce.info\/home-copy\/"},"modified":"2026-04-02T10:10:57","modified_gmt":"2026-04-02T14:10:57","slug":"homepage","status":"publish","type":"page","link":"https:\/\/perce.info\/en\/","title":{"rendered":"Homepage"},"content":{"rendered":"<div class=\"wpb-content-wrapper\"><p>[vc_row][vc_column][rev_slider_vc alias=&#8221;main-home-en&#8221;][\/vc_column][\/vc_row][vc_row disable_element=&#8221;yes&#8221; content_aligment=&#8221;center&#8221; css=&#8221;.vc_custom_1712157397477{padding-top: 30px !important;padding-right: 30px !important;padding-bottom: 30px !important;padding-left: 30px !important;background: #008fbe url(https:\/\/perce.info\/wp-content\/uploads\/2021\/11\/hiver_bkgd-1.png?id=13289) !important;background-position: center !important;background-repeat: no-repeat !important;background-size: cover !important;}&#8221; el_class=&#8221;bandeau_hiver&#8221;][vc_column]<div class=\"mkdf-section-title-holder\">\n\t<h1 class=\"mkdf-section-title mkdf-section-title-medium\" style=\"color: #ffffff;text-transform: uppercase;text-align: center;margin-bottom: 0px\">\n\tPlan your winter getaway to Perc\u00e9!<\/h1>\n<\/div><a href=\"https:\/\/perce.info\/en\/winter-spring\/\" target=\"_self\" style=\"color: #008fbe;background-color: #ffffff;border-color: #ffffff\" class=\"mkdf-btn mkdf-btn-small mkdf-btn-solid mkdf-btn-custom-hover-bg mkdf-btn-custom-border-hover mkdf-btn-custom-hover-color mkdf-btn-hover-outline\"  data-hover-bg-color=\"#008fbe\" data-hover-color=\"#ffffff\" data-hover-border-color=\"#ffffff\" >\n\t<span class=\"mkdf-btn-text\">Click here!<\/span>\n\t\n\t<\/a>[\/vc_column][\/vc_row][vc_row el_id=&#8221;home-popular-activities&#8221; el_class=&#8221;home-popular-activities&#8221; css=&#8221;.vc_custom_1689265608951{margin-bottom: 0px !important;padding-bottom: 0px !important;background-color: #ffffff !important;}&#8221;][vc_column el_class=&#8221;home-popular-activities-container&#8221; css=&#8221;.vc_custom_1689265348920{margin-bottom: 0px !important;padding-bottom: 0px !important;}&#8221;]<div class=\"mkdf-section-title-holder\">\n\t<h1 class=\"mkdf-section-title mkdf-section-title-medium\" style=\"color: #363636;text-transform: capitalize;text-align: center;margin-bottom: 0px\">\n\tPERC\u00c9, A VIBRANT, FRIENDLY, SPECTACULAR HOLIDAY DESTINATION!<\/h1>\n<\/div>[vc_column_text]<\/p>\n<p style=\"text-align: center;\">You\u2019ll love Perc\u00e9 for its 110,000 gannets nesting on Bonaventure Island and huge whales\u2026 for the Geopark\u2019s suspended platform\u2026 the emerald waters of Rivi\u00e8re aux \u00e9meraudes\u2026 the internationally recognised local beers\u2026 the lobster and smoked salmon.<\/p>\n<p>[\/vc_column_text][\/vc_column][\/vc_row][vc_row el_id=&#8221;home-first-items-content&#8221; el_class=&#8221;home-first-items-content customize-container&#8221; css=&#8221;.vc_custom_1689265634041{margin-top: 0px !important;padding-top: 0px !important;}&#8221;][vc_column width=&#8221;1\/4&#8243;]<div class=\"mkdf-iwt clearfix mkdf-iwt-icon-top mkdf-iwt-icon-medium\">\n    <div class=\"mkdf-iwt-icon\">\n                    <a itemprop=\"url\" href=\"https:\/\/perce.info\/en\/useful-information\/\" target=\"_self\">\n                                    <img loading=\"lazy\" decoding=\"async\" width=\"46\" height=\"76\" src=\"https:\/\/perce-info.s3.bhs.io.cloud.ovh.net\/2016\/04\/icon-renseignements.png\" class=\"attachment-full size-full\" alt=\"\" \/>                                <\/a>\n            <\/div>\n    <div class=\"mkdf-iwt-content\" >\n\t    \t        <h4 class=\"mkdf-iwt-title\" >\n\t\t\t    \t\t\t\t    <a itemprop=\"url\" href=\"https:\/\/perce.info\/en\/useful-information\/\" target=\"_self\">\n\t\t\t    \t               USEFUL INFORMATIONS\t\t\t    \t\t\t\t    <\/a>\n                            <\/h4>\n\t    \t\t            <p class=\"mkdf-iwt-text\" >Find useful information for your stay in Perc\u00e9, such as essential local services, weather, our FAQ, tourist maps, municipal bylaws and more.<\/p>\n\t\t    <\/div>\n<\/div>[vc_column_text]<\/p>\n<p style=\"text-align: center;\"><a href=\"https:\/\/perce.info\/en\/useful-information\/\" target=\"_self\"  class=\"mkdf-btn mkdf-btn-small mkdf-btn-outline mkdf-btn-hover-solid\"  >\n\t<span class=\"mkdf-btn-text\">Find useful infos<\/span>\n\t\n\t<\/a><\/p>\n<p>[\/vc_column_text][\/vc_column][vc_column width=&#8221;1\/4&#8243;]<div class=\"mkdf-iwt clearfix mkdf-iwt-icon-top mkdf-iwt-icon-medium\">\n    <div class=\"mkdf-iwt-icon\">\n                    <a itemprop=\"url\" href=\"https:\/\/perce.info\/en\/directory\/sleep\/\" target=\"_self\">\n                                    <img loading=\"lazy\" decoding=\"async\" width=\"86\" height=\"76\" src=\"https:\/\/perce-info.s3.bhs.io.cloud.ovh.net\/2016\/04\/icon-hebergement.png\" class=\"attachment-full size-full\" alt=\"\" \/>                                <\/a>\n            <\/div>\n    <div class=\"mkdf-iwt-content\" >\n\t    \t        <h4 class=\"mkdf-iwt-title\" >\n\t\t\t    \t\t\t\t    <a itemprop=\"url\" href=\"https:\/\/perce.info\/en\/directory\/sleep\/\" target=\"_self\">\n\t\t\t    \t               LODGING\t\t\t    \t\t\t\t    <\/a>\n                            <\/h4>\n\t    \t\t            <p class=\"mkdf-iwt-text\" >In Perc\u00e9, you&#039;ll find the accommodation you need. From friendly hotels to cozy B&amp;Bs and inns, cottages, summer houses, traditional campings and glamping, you&#039;re sure to find what you&#039;re looking for.<\/p>\n\t\t    <\/div>\n<\/div>[vc_column_text]<\/p>\n<p style=\"text-align: center;\"><a href=\"https:\/\/perce.info\/en\/directory\/sleep\/\" target=\"_self\"  class=\"mkdf-btn mkdf-btn-small mkdf-btn-outline mkdf-btn-hover-solid\"  >\n\t<span class=\"mkdf-btn-text\">Find a place to sleep<\/span>\n\t\n\t<\/a><\/p>\n<p>[\/vc_column_text][\/vc_column][vc_column width=&#8221;1\/4&#8243;]<div class=\"mkdf-iwt clearfix mkdf-iwt-icon-top mkdf-iwt-icon-medium\">\n    <div class=\"mkdf-iwt-icon\">\n                    <a itemprop=\"url\" href=\"https:\/\/perce.info\/en\/directory\/eat\/\" target=\"_self\">\n                                    <img loading=\"lazy\" decoding=\"async\" width=\"105\" height=\"76\" src=\"https:\/\/perce-info.s3.bhs.io.cloud.ovh.net\/2016\/04\/icon-resto.png\" class=\"attachment-full size-full\" alt=\"\" \/>                                <\/a>\n            <\/div>\n    <div class=\"mkdf-iwt-content\" >\n\t    \t        <h4 class=\"mkdf-iwt-title\" >\n\t\t\t    \t\t\t\t    <a itemprop=\"url\" href=\"https:\/\/perce.info\/en\/directory\/eat\/\" target=\"_self\">\n\t\t\t    \t               RESTAURANTS\t\t\t    \t\t\t\t    <\/a>\n                            <\/h4>\n\t    \t\t            <p class=\"mkdf-iwt-text\" >Whether in a restaurant, at the market or at the producer&#039;s, the ways to discover and enjoy our local products are endless. Perc\u00e9 can be enjoyed in a thousand and one ways!<\/p>\n\t\t    <\/div>\n<\/div>[vc_column_text]<\/p>\n<p style=\"text-align: center;\"><a href=\"https:\/\/perce.info\/en\/directory\/eat\/\" target=\"_self\"  class=\"mkdf-btn mkdf-btn-small mkdf-btn-outline mkdf-btn-hover-solid\"  >\n\t<span class=\"mkdf-btn-text\">Find a place to eat<\/span>\n\t\n\t<\/a><\/p>\n<p>[\/vc_column_text][\/vc_column][vc_column width=&#8221;1\/4&#8243;]<div class=\"mkdf-iwt clearfix mkdf-iwt-icon-top mkdf-iwt-icon-medium\">\n    <div class=\"mkdf-iwt-icon\">\n                    <a itemprop=\"url\" href=\"https:\/\/perce.info\/en\/directory\/visit\/\" target=\"_self\">\n                                    <img loading=\"lazy\" decoding=\"async\" width=\"93\" height=\"76\" src=\"https:\/\/perce-info.s3.bhs.io.cloud.ovh.net\/2016\/04\/icon-activites.png\" class=\"attachment-full size-full\" alt=\"\" \/>                                <\/a>\n            <\/div>\n    <div class=\"mkdf-iwt-content\" >\n\t    \t        <h4 class=\"mkdf-iwt-title\" >\n\t\t\t    \t\t\t\t    <a itemprop=\"url\" href=\"https:\/\/perce.info\/en\/directory\/visit\/\" target=\"_self\">\n\t\t\t    \t               ACTIVITIES\t\t\t    \t\t\t\t    <\/a>\n                            <\/h4>\n\t    \t\t            <p class=\"mkdf-iwt-text\" >Perc\u00e9 is a great vacation destination. Whether on land or at sea, the choice of activities is endless. Whether you&#039;re with family, friends or on your own, there are plenty of opportunities to marvel and have fun.<\/p>\n\t\t    <\/div>\n<\/div>[vc_column_text]<\/p>\n<p style=\"text-align: center;\"><a href=\"https:\/\/perce.info\/en\/directory\/visit\/\" target=\"_self\"  class=\"mkdf-btn mkdf-btn-small mkdf-btn-outline mkdf-btn-hover-solid\"  >\n\t<span class=\"mkdf-btn-text\">See all activities<\/span>\n\t\n\t<\/a><\/p>\n<p>[\/vc_column_text][\/vc_column][\/vc_row][vc_row css=&#8221;.vc_custom_1588083528947{margin-top: 15px !important;}&#8221;][vc_column]<div class=\"mkdf-image-gallery\">\n    <div class=\"mkdf-image-gallery-grid mkdf-gallery-columns-5 mkdf-small-space \">\n                    <div class=\"mkdf-gallery-image\">\n                <div class=\"mkdf-hover-holder\">\n                \t\n                                        \t<a class=\"mkdf-gallery-prettyphoto\" href=\"https:\/\/perce-info.s3.bhs.io.cloud.ovh.net\/2023\/07\/Roger_stlaurent_vieille-usine-anse-a-beaufils-min.webp\" data-rel=\"prettyPhoto[single_pretty_photo]\" title=\"Roger_stlaurent_vieille-usine-anse-a-beaufils-min\">\n                                                                        <img loading=\"lazy\" decoding=\"async\" width=\"1500\" height=\"1000\" src=\"https:\/\/perce-info.s3.bhs.io.cloud.ovh.net\/2023\/07\/Roger_stlaurent_vieille-usine-anse-a-beaufils-min.webp\" class=\"attachment-full size-full\" alt=\"\" srcset=\"https:\/\/perce-info.s3.bhs.io.cloud.ovh.net\/2023\/07\/Roger_stlaurent_vieille-usine-anse-a-beaufils-min.webp 1500w, https:\/\/perce-info.s3.bhs.io.cloud.ovh.net\/2023\/07\/Roger_stlaurent_vieille-usine-anse-a-beaufils-min-300x200.webp 300w, https:\/\/perce-info.s3.bhs.io.cloud.ovh.net\/2023\/07\/Roger_stlaurent_vieille-usine-anse-a-beaufils-min-1024x683.webp 1024w, https:\/\/perce-info.s3.bhs.io.cloud.ovh.net\/2023\/07\/Roger_stlaurent_vieille-usine-anse-a-beaufils-min-768x512.webp 768w, https:\/\/perce-info.s3.bhs.io.cloud.ovh.net\/2023\/07\/Roger_stlaurent_vieille-usine-anse-a-beaufils-min-391x260.webp 391w\" sizes=\"auto, (max-width: 1500px) 100vw, 1500px\" \/>                        \t\t\t\t\t\t\t\t\t\t\t<\/a>\n\t\t\t\t\t                <\/div>\n            <\/div>\n                    <div class=\"mkdf-gallery-image\">\n                <div class=\"mkdf-hover-holder\">\n                \t\n                                        \t<a class=\"mkdf-gallery-prettyphoto\" href=\"https:\/\/perce-info.s3.bhs.io.cloud.ovh.net\/2023\/07\/fous-de-bassan-ile-bonaventure-min.webp\" data-rel=\"prettyPhoto[single_pretty_photo]\" title=\"fous-de-bassan-ile-bonaventure-min\">\n                                                                        <img loading=\"lazy\" decoding=\"async\" width=\"1422\" height=\"948\" src=\"https:\/\/perce-info.s3.bhs.io.cloud.ovh.net\/2023\/07\/fous-de-bassan-ile-bonaventure-min.webp\" class=\"attachment-full size-full\" alt=\"\" srcset=\"https:\/\/perce-info.s3.bhs.io.cloud.ovh.net\/2023\/07\/fous-de-bassan-ile-bonaventure-min.webp 1422w, https:\/\/perce-info.s3.bhs.io.cloud.ovh.net\/2023\/07\/fous-de-bassan-ile-bonaventure-min-300x200.webp 300w, https:\/\/perce-info.s3.bhs.io.cloud.ovh.net\/2023\/07\/fous-de-bassan-ile-bonaventure-min-1024x683.webp 1024w, https:\/\/perce-info.s3.bhs.io.cloud.ovh.net\/2023\/07\/fous-de-bassan-ile-bonaventure-min-768x512.webp 768w, https:\/\/perce-info.s3.bhs.io.cloud.ovh.net\/2023\/07\/fous-de-bassan-ile-bonaventure-min-391x260.webp 391w\" sizes=\"auto, (max-width: 1422px) 100vw, 1422px\" \/>                        \t\t\t\t\t\t\t\t\t\t\t<\/a>\n\t\t\t\t\t                <\/div>\n            <\/div>\n                    <div class=\"mkdf-gallery-image\">\n                <div class=\"mkdf-hover-holder\">\n                \t\n                                        \t<a class=\"mkdf-gallery-prettyphoto\" href=\"https:\/\/perce-info.s3.bhs.io.cloud.ovh.net\/2023\/07\/Roger_stlaurent_randonnee-perce-min.webp\" data-rel=\"prettyPhoto[single_pretty_photo]\" title=\"Roger_stlaurent_randonnee-perce-min\">\n                                                                        <img loading=\"lazy\" decoding=\"async\" width=\"1500\" height=\"999\" src=\"https:\/\/perce-info.s3.bhs.io.cloud.ovh.net\/2023\/07\/Roger_stlaurent_randonnee-perce-min.webp\" class=\"attachment-full size-full\" alt=\"\" srcset=\"https:\/\/perce-info.s3.bhs.io.cloud.ovh.net\/2023\/07\/Roger_stlaurent_randonnee-perce-min.webp 1500w, https:\/\/perce-info.s3.bhs.io.cloud.ovh.net\/2023\/07\/Roger_stlaurent_randonnee-perce-min-300x200.webp 300w, https:\/\/perce-info.s3.bhs.io.cloud.ovh.net\/2023\/07\/Roger_stlaurent_randonnee-perce-min-1024x682.webp 1024w, https:\/\/perce-info.s3.bhs.io.cloud.ovh.net\/2023\/07\/Roger_stlaurent_randonnee-perce-min-768x511.webp 768w, https:\/\/perce-info.s3.bhs.io.cloud.ovh.net\/2023\/07\/Roger_stlaurent_randonnee-perce-min-391x260.webp 391w\" sizes=\"auto, (max-width: 1500px) 100vw, 1500px\" \/>                        \t\t\t\t\t\t\t\t\t\t\t<\/a>\n\t\t\t\t\t                <\/div>\n            <\/div>\n                    <div class=\"mkdf-gallery-image\">\n                <div class=\"mkdf-hover-holder\">\n                \t\n                                        \t<a class=\"mkdf-gallery-prettyphoto\" href=\"https:\/\/perce-info.s3.bhs.io.cloud.ovh.net\/2023\/07\/Homard-MarilouLevasseur-min.webp\" data-rel=\"prettyPhoto[single_pretty_photo]\" title=\"Homard-MarilouLevasseur-min\">\n                                                                        <img loading=\"lazy\" decoding=\"async\" width=\"1500\" height=\"1000\" src=\"https:\/\/perce-info.s3.bhs.io.cloud.ovh.net\/2023\/07\/Homard-MarilouLevasseur-min.webp\" class=\"attachment-full size-full\" alt=\"\" srcset=\"https:\/\/perce-info.s3.bhs.io.cloud.ovh.net\/2023\/07\/Homard-MarilouLevasseur-min.webp 1500w, https:\/\/perce-info.s3.bhs.io.cloud.ovh.net\/2023\/07\/Homard-MarilouLevasseur-min-300x200.webp 300w, https:\/\/perce-info.s3.bhs.io.cloud.ovh.net\/2023\/07\/Homard-MarilouLevasseur-min-1024x683.webp 1024w, https:\/\/perce-info.s3.bhs.io.cloud.ovh.net\/2023\/07\/Homard-MarilouLevasseur-min-768x512.webp 768w, https:\/\/perce-info.s3.bhs.io.cloud.ovh.net\/2023\/07\/Homard-MarilouLevasseur-min-391x260.webp 391w\" sizes=\"auto, (max-width: 1500px) 100vw, 1500px\" \/>                        \t\t\t\t\t\t\t\t\t\t\t<\/a>\n\t\t\t\t\t                <\/div>\n            <\/div>\n                    <div class=\"mkdf-gallery-image\">\n                <div class=\"mkdf-hover-holder\">\n                \t\n                                        \t<a class=\"mkdf-gallery-prettyphoto\" href=\"https:\/\/perce-info.s3.bhs.io.cloud.ovh.net\/2023\/07\/Roger_stlaurent_promenade-perce-hiver-min.webp\" data-rel=\"prettyPhoto[single_pretty_photo]\" title=\"Roger_stlaurent_promenade-perce-hiver-min\">\n                                                                        <img loading=\"lazy\" decoding=\"async\" width=\"1500\" height=\"1000\" src=\"https:\/\/perce-info.s3.bhs.io.cloud.ovh.net\/2023\/07\/Roger_stlaurent_promenade-perce-hiver-min.webp\" class=\"attachment-full size-full\" alt=\"\" srcset=\"https:\/\/perce-info.s3.bhs.io.cloud.ovh.net\/2023\/07\/Roger_stlaurent_promenade-perce-hiver-min.webp 1500w, https:\/\/perce-info.s3.bhs.io.cloud.ovh.net\/2023\/07\/Roger_stlaurent_promenade-perce-hiver-min-300x200.webp 300w, https:\/\/perce-info.s3.bhs.io.cloud.ovh.net\/2023\/07\/Roger_stlaurent_promenade-perce-hiver-min-1024x683.webp 1024w, https:\/\/perce-info.s3.bhs.io.cloud.ovh.net\/2023\/07\/Roger_stlaurent_promenade-perce-hiver-min-768x512.webp 768w, https:\/\/perce-info.s3.bhs.io.cloud.ovh.net\/2023\/07\/Roger_stlaurent_promenade-perce-hiver-min-391x260.webp 391w\" sizes=\"auto, (max-width: 1500px) 100vw, 1500px\" \/>                        \t\t\t\t\t\t\t\t\t\t\t<\/a>\n\t\t\t\t\t                <\/div>\n            <\/div>\n            <\/div>\n<\/div>[\/vc_column][\/vc_row]<\/p>\n<\/div>","protected":false},"excerpt":{"rendered":"<p>[vc_row][vc_column][rev_slider_vc alias=&#8221;main-home-en&#8221;][\/vc_column][\/vc_row][vc_row disable_element=&#8221;yes&#8221; content_aligment=&#8221;center&#8221; css=&#8221;.vc_custom_1712157397477{padding-top: 30px !important;padding-right: 30px !important;padding-bottom: 30px !important;padding-left: 30px !important;background: #008fbe url(https:\/\/perce.info\/wp-content\/uploads\/2021\/11\/hiver_bkgd-1.png?id=13289) !important;background-position: center !important;background-repeat: no-repeat !important;background-size: cover !important;}&#8221; el_class=&#8221;bandeau_hiver&#8221;][vc_column][\/vc_column][\/vc_row][vc_row el_id=&#8221;home-popular-activities&#8221; el_class=&#8221;home-popular-activities&#8221; css=&#8221;.vc_custom_1689265608951{margin-bottom: 0px !important;padding-bottom: 0px !important;background-color: #ffffff !important;}&#8221;][vc_column el_class=&#8221;home-popular-activities-container&#8221; css=&#8221;.vc_custom_1689265348920{margin-bottom: 0px !important;padding-bottom: 0px !important;}&#8221;][vc_column_text] You\u2019ll love Perc\u00e9 for its 110,000 gannets nesting on Bonaventure Island and huge whales\u2026 for the Geopark\u2019s suspended platform\u2026 the emerald waters of Rivi\u00e8re aux \u00e9meraudes\u2026 the internationally recognised local beers\u2026 the lobster and smoked salmon. [\/vc_column_text][\/vc_column][\/vc_row][vc_row el_id=&#8221;home-first-items-content&#8221; el_class=&#8221;home-first-items-content customize-container&#8221; css=&#8221;.vc_custom_1689265634041{margin-top: 0px !important;padding-top: 0px !important;}&#8221;][vc_column width=&#8221;1\/4&#8243;][vc_column_text] [\/vc_column_text][\/vc_column][vc_column width=&#8221;1\/4&#8243;][vc_column_text] [\/vc_column_text][\/vc_column][vc_column width=&#8221;1\/4&#8243;][vc_column_text] [\/vc_column_text][\/vc_column][vc_column width=&#8221;1\/4&#8243;][vc_column_text] [&hellip;]<\/p>\n","protected":false},"author":1,"featured_media":0,"parent":0,"menu_order":0,"comment_status":"closed","ping_status":"closed","template":"full-width.php","meta":{"_acf_changed":false,"inline_featured_image":false,"footnotes":""},"class_list":["post-6767","page","type-page","status-publish","hentry"],"acf":[],"yoast_head":"<!-- This site is optimized with the Yoast SEO plugin v26.9 - https:\/\/yoast.com\/product\/yoast-seo-wordpress\/ -->\n<title>Homepage \u2013 Tourisme Perc\u00e9<\/title>\n<meta name=\"description\" content=\"Discover Perc\u00e9, a vacation destination on the Gasp\u00e9 Peninsula with many attractions, including Perc\u00e9 Rock, Bonaventure Island and the UNESCO Global Geopark.\" \/>\n<meta name=\"robots\" content=\"index, follow, max-snippet:-1, max-image-preview:large, max-video-preview:-1\" \/>\n<link rel=\"canonical\" href=\"https:\/\/perce.info\/en\/\" \/>\n<meta property=\"og:locale\" content=\"en_US\" \/>\n<meta property=\"og:type\" content=\"article\" \/>\n<meta property=\"og:title\" content=\"Homepage \u2013 Tourisme Perc\u00e9\" \/>\n<meta property=\"og:description\" content=\"Discover Perc\u00e9, a vacation destination on the Gasp\u00e9 Peninsula with many attractions, including Perc\u00e9 Rock, Bonaventure Island and the UNESCO Global Geopark.\" \/>\n<meta property=\"og:url\" content=\"https:\/\/perce.info\/en\/\" \/>\n<meta property=\"og:site_name\" content=\"Perc\u00e9 destination vacances\" \/>\n<meta property=\"article:modified_time\" content=\"2026-04-02T14:10:57+00:00\" \/>\n<meta name=\"twitter:card\" content=\"summary_large_image\" \/>\n<script type=\"application\/ld+json\" class=\"yoast-schema-graph\">{\"@context\":\"https:\/\/schema.org\",\"@graph\":[{\"@type\":\"WebPage\",\"@id\":\"https:\/\/perce.info\/en\/\",\"url\":\"https:\/\/perce.info\/en\/\",\"name\":\"Homepage \u2013 Tourisme Perc\u00e9\",\"isPartOf\":{\"@id\":\"https:\/\/perce.info\/#website\"},\"datePublished\":\"2019-05-13T17:19:55+00:00\",\"dateModified\":\"2026-04-02T14:10:57+00:00\",\"description\":\"Discover Perc\u00e9, a vacation destination on the Gasp\u00e9 Peninsula with many attractions, including Perc\u00e9 Rock, Bonaventure Island and the UNESCO Global Geopark.\",\"breadcrumb\":{\"@id\":\"https:\/\/perce.info\/en\/#breadcrumb\"},\"inLanguage\":\"en-US\",\"potentialAction\":[{\"@type\":\"ReadAction\",\"target\":[\"https:\/\/perce.info\/en\/\"]}]},{\"@type\":\"BreadcrumbList\",\"@id\":\"https:\/\/perce.info\/en\/#breadcrumb\",\"itemListElement\":[{\"@type\":\"ListItem\",\"position\":1,\"name\":\"Accueil\",\"item\":\"https:\/\/perce.info\/en\/\"},{\"@type\":\"ListItem\",\"position\":2,\"name\":\"Homepage\"}]},{\"@type\":\"WebSite\",\"@id\":\"https:\/\/perce.info\/#website\",\"url\":\"https:\/\/perce.info\/\",\"name\":\"Perc\u00e9 destination vacances\",\"description\":\"Site touristique officiel de la Ville de Perc\u00e9\",\"publisher\":{\"@id\":\"https:\/\/perce.info\/#organization\"},\"potentialAction\":[{\"@type\":\"SearchAction\",\"target\":{\"@type\":\"EntryPoint\",\"urlTemplate\":\"https:\/\/perce.info\/?s={search_term_string}\"},\"query-input\":{\"@type\":\"PropertyValueSpecification\",\"valueRequired\":true,\"valueName\":\"search_term_string\"}}],\"inLanguage\":\"en-US\"},{\"@type\":\"Organization\",\"@id\":\"https:\/\/perce.info\/#organization\",\"name\":\"Perc\u00e9 destination vacances\",\"url\":\"https:\/\/perce.info\/\",\"logo\":{\"@type\":\"ImageObject\",\"inLanguage\":\"en-US\",\"@id\":\"https:\/\/perce.info\/#\/schema\/logo\/image\/\",\"url\":\"https:\/\/perce.info\/wp-content\/uploads\/2016\/04\/Perce-logo.png\",\"contentUrl\":\"https:\/\/perce.info\/wp-content\/uploads\/2016\/04\/Perce-logo.png\",\"width\":162,\"height\":59,\"caption\":\"Perc\u00e9 destination vacances\"},\"image\":{\"@id\":\"https:\/\/perce.info\/#\/schema\/logo\/image\/\"}}]}<\/script>\n<!-- \/ Yoast SEO plugin. -->","yoast_head_json":{"title":"Homepage \u2013 Tourisme Perc\u00e9","description":"Discover Perc\u00e9, a vacation destination on the Gasp\u00e9 Peninsula with many attractions, including Perc\u00e9 Rock, Bonaventure Island and the UNESCO Global Geopark.","robots":{"index":"index","follow":"follow","max-snippet":"max-snippet:-1","max-image-preview":"max-image-preview:large","max-video-preview":"max-video-preview:-1"},"canonical":"https:\/\/perce.info\/en\/","og_locale":"en_US","og_type":"article","og_title":"Homepage \u2013 Tourisme Perc\u00e9","og_description":"Discover Perc\u00e9, a vacation destination on the Gasp\u00e9 Peninsula with many attractions, including Perc\u00e9 Rock, Bonaventure Island and the UNESCO Global Geopark.","og_url":"https:\/\/perce.info\/en\/","og_site_name":"Perc\u00e9 destination vacances","article_modified_time":"2026-04-02T14:10:57+00:00","twitter_card":"summary_large_image","schema":{"@context":"https:\/\/schema.org","@graph":[{"@type":"WebPage","@id":"https:\/\/perce.info\/en\/","url":"https:\/\/perce.info\/en\/","name":"Homepage \u2013 Tourisme Perc\u00e9","isPartOf":{"@id":"https:\/\/perce.info\/#website"},"datePublished":"2019-05-13T17:19:55+00:00","dateModified":"2026-04-02T14:10:57+00:00","description":"Discover Perc\u00e9, a vacation destination on the Gasp\u00e9 Peninsula with many attractions, including Perc\u00e9 Rock, Bonaventure Island and the UNESCO Global Geopark.","breadcrumb":{"@id":"https:\/\/perce.info\/en\/#breadcrumb"},"inLanguage":"en-US","potentialAction":[{"@type":"ReadAction","target":["https:\/\/perce.info\/en\/"]}]},{"@type":"BreadcrumbList","@id":"https:\/\/perce.info\/en\/#breadcrumb","itemListElement":[{"@type":"ListItem","position":1,"name":"Accueil","item":"https:\/\/perce.info\/en\/"},{"@type":"ListItem","position":2,"name":"Homepage"}]},{"@type":"WebSite","@id":"https:\/\/perce.info\/#website","url":"https:\/\/perce.info\/","name":"Perc\u00e9 destination vacances","description":"Site touristique officiel de la Ville de Perc\u00e9","publisher":{"@id":"https:\/\/perce.info\/#organization"},"potentialAction":[{"@type":"SearchAction","target":{"@type":"EntryPoint","urlTemplate":"https:\/\/perce.info\/?s={search_term_string}"},"query-input":{"@type":"PropertyValueSpecification","valueRequired":true,"valueName":"search_term_string"}}],"inLanguage":"en-US"},{"@type":"Organization","@id":"https:\/\/perce.info\/#organization","name":"Perc\u00e9 destination vacances","url":"https:\/\/perce.info\/","logo":{"@type":"ImageObject","inLanguage":"en-US","@id":"https:\/\/perce.info\/#\/schema\/logo\/image\/","url":"https:\/\/perce.info\/wp-content\/uploads\/2016\/04\/Perce-logo.png","contentUrl":"https:\/\/perce.info\/wp-content\/uploads\/2016\/04\/Perce-logo.png","width":162,"height":59,"caption":"Perc\u00e9 destination vacances"},"image":{"@id":"https:\/\/perce.info\/#\/schema\/logo\/image\/"}}]}},"_links":{"self":[{"href":"https:\/\/perce.info\/en\/wp-json\/wp\/v2\/pages\/6767","targetHints":{"allow":["GET"]}}],"collection":[{"href":"https:\/\/perce.info\/en\/wp-json\/wp\/v2\/pages"}],"about":[{"href":"https:\/\/perce.info\/en\/wp-json\/wp\/v2\/types\/page"}],"author":[{"embeddable":true,"href":"https:\/\/perce.info\/en\/wp-json\/wp\/v2\/users\/1"}],"replies":[{"embeddable":true,"href":"https:\/\/perce.info\/en\/wp-json\/wp\/v2\/comments?post=6767"}],"version-history":[{"count":21,"href":"https:\/\/perce.info\/en\/wp-json\/wp\/v2\/pages\/6767\/revisions"}],"predecessor-version":[{"id":49029,"href":"https:\/\/perce.info\/en\/wp-json\/wp\/v2\/pages\/6767\/revisions\/49029"}],"wp:attachment":[{"href":"https:\/\/perce.info\/en\/wp-json\/wp\/v2\/media?parent=6767"}],"curies":[{"name":"wp","href":"https:\/\/api.w.org\/{rel}","templated":true}]}}